{"id":27729,"date":"2023-03-29T08:55:55","date_gmt":"2023-03-29T08:55:55","guid":{"rendered":"https:\/\/novaprod.wpengine.com\/become-a-content-creator\/"},"modified":"2024-10-15T13:21:31","modified_gmt":"2024-10-15T13:21:31","slug":"hakka-sisuloojaks","status":"publish","type":"page","link":"https:\/\/nova.vabamu.ee\/en\/hakka-sisuloojaks\/","title":{"rendered":"Hakka sisuloojaks"},"content":{"rendered":"        <section class=\"block-creator-form\">\n            <div class=\"container\">\n                                    <h2>Hakka sisuloojaks<\/h2>\n                                                    <div class=\"block-creator-form__desc\">\n                        <p>Kui soovid meile appi tulla NoVa sisu mitmekesistamisel, siis v\u00f5ta palun \u00fchendust NoVa kooskonnaga allpool oleva vormi kaudu ja me vastame Sulle esimesel v\u00f5imalusel.<\/p>\n                    <\/div>\n                                                    <div class=\"block-creator-form__form\">\n                        \n<div class=\"wpcf7 no-js\" id=\"wpcf7-f27653-o1\" lang=\"en-US\" dir=\"ltr\">\n<div class=\"screen-reader-response\"><p role=\"status\" aria-live=\"polite\" aria-atomic=\"true\"><\/p> <ul><\/ul><\/div>\n<form action=\"\/en\/wp-json\/wp\/v2\/pages\/27729#wpcf7-f27653-o1\" method=\"post\" class=\"wpcf7-form init\" aria-label=\"Contact form\" novalidate=\"novalidate\" data-status=\"init\">\n<div style=\"display: none;\">\n<input type=\"hidden\" name=\"_wpcf7\" value=\"27653\" \/>\n<input type=\"hidden\" name=\"_wpcf7_version\" value=\"5.9.8\" \/>\n<input type=\"hidden\" name=\"_wpcf7_locale\" value=\"en_US\" \/>\n<input type=\"hidden\" name=\"_wpcf7_unit_tag\" value=\"wpcf7-f27653-o1\" \/>\n<input type=\"hidden\" name=\"_wpcf7_container_post\" value=\"0\" \/>\n<input type=\"hidden\" name=\"_wpcf7_posted_data_hash\" value=\"\" \/>\n<\/div>\n<div class=\"fields-wrap\">\n\t<div class=\"form-field\">\n\t\t<p><span>Eesnimi*<\/span><span class=\"wpcf7-form-control-wrap\" data-name=\"f-name\"><input size=\"40\" maxlength=\"400\" class=\"wpcf7-form-control wpcf7-text wpcf7-validates-as-required\" aria-required=\"true\" aria-invalid=\"false\" placeholder=\"Lisa eesnimi\" value=\"\" type=\"text\" name=\"f-name\" \/><\/span>\n\t\t<\/p>\n\t<\/div>\n\t<div class=\"form-field\">\n\t\t<p><span>Perekonnanimi*<\/span><span class=\"wpcf7-form-control-wrap\" data-name=\"l-name\"><input size=\"40\" maxlength=\"400\" class=\"wpcf7-form-control wpcf7-text wpcf7-validates-as-required\" aria-required=\"true\" aria-invalid=\"false\" placeholder=\"Lisa perekonnanimi\" value=\"\" type=\"text\" name=\"l-name\" \/><\/span>\n\t\t<\/p>\n\t<\/div>\n<\/div>\n<div class=\"fields-wrap\">\n\t<div class=\"form-field\">\n\t\t<p><span>E-post*<\/span><span class=\"wpcf7-form-control-wrap\" data-name=\"f-email\"><input size=\"40\" maxlength=\"400\" class=\"wpcf7-form-control wpcf7-email wpcf7-validates-as-required wpcf7-text wpcf7-validates-as-email\" aria-required=\"true\" aria-invalid=\"false\" placeholder=\"Lisa e-mail\" value=\"\" type=\"email\" name=\"f-email\" \/><\/span>\n\t\t<\/p>\n\t<\/div>\n\t<div class=\"form-field\">\n\t\t<p><span>Vanus*<\/span><span class=\"wpcf7-form-control-wrap\" data-name=\"f-age\"><input size=\"40\" maxlength=\"400\" class=\"wpcf7-form-control wpcf7-text wpcf7-validates-as-required\" aria-required=\"true\" aria-invalid=\"false\" placeholder=\"Lisa vanus\" value=\"\" type=\"text\" name=\"f-age\" \/><\/span>\n\t\t<\/p>\n\t<\/div>\n<\/div>\n<div class=\"fields-wrap\">\n\t<div class=\"form-field\">\n\t\t<p><span>\u00d5ppeasutus\/t\u00f6\u00f6koht*<\/span><span class=\"wpcf7-form-control-wrap\" data-name=\"p-work\"><input size=\"40\" maxlength=\"400\" class=\"wpcf7-form-control wpcf7-text wpcf7-validates-as-required\" aria-required=\"true\" aria-invalid=\"false\" placeholder=\"Lisa \u00f5ppeasutus\/t\u00f6\u00f6koht\" value=\"\" type=\"text\" name=\"p-work\" \/><\/span>\n\t\t<\/p>\n\t<\/div>\n\t<div class=\"form-field\">\n\t\t<p><span>Klass\/ametinimetus*<\/span><span class=\"wpcf7-form-control-wrap\" data-name=\"j-title\"><input size=\"40\" maxlength=\"400\" class=\"wpcf7-form-control wpcf7-text wpcf7-validates-as-required\" aria-required=\"true\" aria-invalid=\"false\" placeholder=\"Lisa klass\/ametinimetus\" value=\"\" type=\"text\" name=\"j-title\" \/><\/span>\n\t\t<\/p>\n\t<\/div>\n<\/div>\n<div class=\"submit-field\">\n\t<p><input class=\"wpcf7-form-control wpcf7-submit has-spinner\" type=\"submit\" value=\"Saada \u00e4ra\" \/>\n\t<\/p>\n<\/div><div class=\"wpcf7-response-output\" aria-hidden=\"true\"><\/div>\n<\/form>\n<\/div>\n                    <\/div>\n                            <\/div>\n        <\/section>\n    ","protected":false},"excerpt":{"rendered":"","protected":false},"author":23,"featured_media":1370,"parent":0,"menu_order":0,"comment_status":"closed","ping_status":"closed","template":"","meta":{"pmpro_default_level":"","inline_featured_image":false,"footnotes":""},"class_list":["post-27729","page","type-page","status-publish","has-post-thumbnail","hentry","pmpro-has-access"],"acf":[],"_links":{"self":[{"href":"https:\/\/nova.vabamu.ee\/en\/wp-json\/wp\/v2\/pages\/27729","targetHints":{"allow":["GET"]}}],"collection":[{"href":"https:\/\/nova.vabamu.ee\/en\/wp-json\/wp\/v2\/pages"}],"about":[{"href":"https:\/\/nova.vabamu.ee\/en\/wp-json\/wp\/v2\/types\/page"}],"author":[{"embeddable":true,"href":"https:\/\/nova.vabamu.ee\/en\/wp-json\/wp\/v2\/users\/23"}],"replies":[{"embeddable":true,"href":"https:\/\/nova.vabamu.ee\/en\/wp-json\/wp\/v2\/comments?post=27729"}],"version-history":[{"count":0,"href":"https:\/\/nova.vabamu.ee\/en\/wp-json\/wp\/v2\/pages\/27729\/revisions"}],"wp:featuredmedia":[{"embeddable":true,"href":"https:\/\/nova.vabamu.ee\/en\/wp-json\/wp\/v2\/media\/1370"}],"wp:attachment":[{"href":"https:\/\/nova.vabamu.ee\/en\/wp-json\/wp\/v2\/media?parent=27729"}],"curies":[{"name":"wp","href":"https:\/\/api.w.org\/{rel}","templated":true}]}}